{"id":117,"date":"2023-01-30T17:55:55","date_gmt":"2023-01-30T17:55:55","guid":{"rendered":"http:\/\/jhonybarber.com.br\/?page_id=117"},"modified":"2024-12-19T06:35:01","modified_gmt":"2024-12-19T06:35:01","slug":"blog","status":"publish","type":"page","link":"https:\/\/jhonybarber.com.br\/index.php\/blog\/","title":{"rendered":"Blog"},"content":{"rendered":"\t\t<div data-elementor-type=\"wp-page\" data-elementor-id=\"117\" class=\"elementor elementor-117\">\n\t\t\t\t\t\t<section class=\"elementor-section elementor-top-section elementor-element elementor-element-ba3494c elementor-section-boxed elementor-section-height-default elementor-section-height-default\" data-id=\"ba3494c\" data-element_type=\"section\">\n\t\t\t\t\t\t<div class=\"elementor-container elementor-column-gap-default\">\n\t\t\t\t\t<div class=\"elementor-column elementor-col-50 elementor-top-column elementor-element elementor-element-a4d9db0\" data-id=\"a4d9db0\" data-element_type=\"column\">\n\t\t\t<div class=\"elementor-widget-wrap elementor-element-populated\">\n\t\t\t\t\t\t<div class=\"elementor-element elementor-element-ecfcd7c elementor-widget elementor-widget-image\" data-id=\"ecfcd7c\" data-element_type=\"widget\" data-widget_type=\"image.default\">\n\t\t\t\t<div class=\"elementor-widget-container\">\n\t\t\t<style>\/*! elementor - v3.20.0 - 26-03-2024 *\/\n.elementor-widget-image{text-align:center}.elementor-widget-image a{display:inline-block}.elementor-widget-image a img[src$=\".svg\"]{width:48px}.elementor-widget-image img{vertical-align:middle;display:inline-block}<\/style>\t\t\t\t\t\t\t\t\t\t<img fetchpriority=\"high\" decoding=\"async\" width=\"800\" height=\"534\" src=\"https:\/\/jhonybarber.com.br\/wp-content\/uploads\/2023\/01\/estrategias-de-marketing-para-barbearia-1-1024x683.jpg\" class=\"attachment-large size-large wp-image-133\" alt=\"\" srcset=\"https:\/\/jhonybarber.com.br\/wp-content\/uploads\/2023\/01\/estrategias-de-marketing-para-barbearia-1-1024x683.jpg 1024w, https:\/\/jhonybarber.com.br\/wp-content\/uploads\/2023\/01\/estrategias-de-marketing-para-barbearia-1-300x200.jpg 300w, https:\/\/jhonybarber.com.br\/wp-content\/uploads\/2023\/01\/estrategias-de-marketing-para-barbearia-1-768x512.jpg 768w, https:\/\/jhonybarber.com.br\/wp-content\/uploads\/2023\/01\/estrategias-de-marketing-para-barbearia-1.jpg 1500w\" sizes=\"(max-width: 800px) 100vw, 800px\" \/>\t\t\t\t\t\t\t\t\t\t\t\t\t<\/div>\n\t\t\t\t<\/div>\n\t\t\t\t\t<\/div>\n\t\t<\/div>\n\t\t\t\t<div class=\"elementor-column elementor-col-50 elementor-top-column elementor-element elementor-element-c05b8cc\" data-id=\"c05b8cc\" data-element_type=\"column\">\n\t\t\t<div class=\"elementor-widget-wrap elementor-element-populated\">\n\t\t\t\t\t\t<div class=\"elementor-element elementor-element-772bcc8 elementor-widget elementor-widget-heading\" data-id=\"772bcc8\" data-element_type=\"widget\" data-widget_type=\"heading.default\">\n\t\t\t\t<div class=\"elementor-widget-container\">\n\t\t\t<style>\/*! elementor - v3.20.0 - 26-03-2024 *\/\n.elementor-heading-title{padding:0;margin:0;line-height:1}.elementor-widget-heading .elementor-heading-title[class*=elementor-size-]>a{color:inherit;font-size:inherit;line-height:inherit}.elementor-widget-heading .elementor-heading-title.elementor-size-small{font-size:15px}.elementor-widget-heading .elementor-heading-title.elementor-size-medium{font-size:19px}.elementor-widget-heading .elementor-heading-title.elementor-size-large{font-size:29px}.elementor-widget-heading .elementor-heading-title.elementor-size-xl{font-size:39px}.elementor-widget-heading .elementor-heading-title.elementor-size-xxl{font-size:59px}<\/style><h2 class=\"elementor-heading-title elementor-size-default\">5 Dicas para Fidelizar seus clientes<\/h2>\t\t<\/div>\n\t\t\t\t<\/div>\n\t\t\t\t<div class=\"elementor-element elementor-element-22a7fff elementor-widget elementor-widget-text-editor\" data-id=\"22a7fff\" data-element_type=\"widget\" data-widget_type=\"text-editor.default\">\n\t\t\t\t<div class=\"elementor-widget-container\">\n\t\t\t<style>\/*! elementor - v3.20.0 - 26-03-2024 *\/\n.elementor-widget-text-editor.elementor-drop-cap-view-stacked .elementor-drop-cap{background-color:#69727d;color:#fff}.elementor-widget-text-editor.elementor-drop-cap-view-framed .elementor-drop-cap{color:#69727d;border:3px solid;background-color:transparent}.elementor-widget-text-editor:not(.elementor-drop-cap-view-default) .elementor-drop-cap{margin-top:8px}.elementor-widget-text-editor:not(.elementor-drop-cap-view-default) .elementor-drop-cap-letter{width:1em;height:1em}.elementor-widget-text-editor .elementor-drop-cap{float:left;text-align:center;line-height:1;font-size:50px}.elementor-widget-text-editor .elementor-drop-cap-letter{display:inline-block}<\/style>\t\t\t\t<p class=\"MsoNormal\">Voc\u00ea sabia que custa at\u00e9 sete vezes mais conquistar um novo cliente do que manter os que j\u00e1 v\u00e3o na sua Barbearia? Ent\u00e3o se torna indispens\u00e1vel o conhecimento e a aplica\u00e7\u00e3o de t\u00e9cnicas para a fideliza\u00e7\u00e3o de clientes no seu neg\u00f3cio. Mergulhe no https:\/\/www.fakewatch.is\/product-category\/richard-mille\/rm-21-01\/ Sabores intensos de sopa de cebola francesa coberta com queijo Gruy\u00e8re derretido.\n<\/p>\t\t\t\t\t\t<\/div>\n\t\t\t\t<\/div>\n\t\t\t\t<div class=\"elementor-element elementor-element-d4d462f elementor-align-center elementor-widget elementor-widget-button\" data-id=\"d4d462f\" data-element_type=\"widget\" data-widget_type=\"button.default\">\n\t\t\t\t<div class=\"elementor-widget-container\">\n\t\t\t\t\t<div class=\"elementor-button-wrapper\">\n\t\t\t<a class=\"elementor-button elementor-button-link elementor-size-sm\" href=\"http:\/\/jhonybarber.com.br\/index.php\/2023\/01\/30\/5\/\">\n\t\t\t\t\t\t<span class=\"elementor-button-content-wrapper\">\n\t\t\t\t\t\t<span class=\"elementor-button-text\">Leia o Post Completo<\/span>\n\t\t<\/span>\n\t\t\t\t\t<\/a>\n\t\t<\/div>\n\t\t\t\t<\/div>\n\t\t\t\t<\/div>\n\t\t\t\t\t<\/div>\n\t\t<\/div>\n\t\t\t\t\t<\/div>\n\t\t<\/section>\n\t\t\t\t<section class=\"elementor-section elementor-top-section elementor-element elementor-element-974cc05 elementor-section-boxed elementor-section-height-default elementor-section-height-default\" data-id=\"974cc05\" data-element_type=\"section\">\n\t\t\t\t\t\t<div class=\"elementor-container elementor-column-gap-default\">\n\t\t\t\t\t<div class=\"elementor-column elementor-col-50 elementor-top-column elementor-element elementor-element-cfeaa9f\" data-id=\"cfeaa9f\" data-element_type=\"column\">\n\t\t\t<div class=\"elementor-widget-wrap elementor-element-populated\">\n\t\t\t\t\t\t<div class=\"elementor-element elementor-element-35a2acd elementor-widget elementor-widget-image\" data-id=\"35a2acd\" data-element_type=\"widget\" data-widget_type=\"image.default\">\n\t\t\t\t<div class=\"elementor-widget-container\">\n\t\t\t\t\t\t\t\t\t\t\t\t\t<img decoding=\"async\" width=\"800\" height=\"450\" src=\"https:\/\/jhonybarber.com.br\/wp-content\/uploads\/2023\/01\/produto-para-crescer-barba-4-.png\" class=\"attachment-large size-large wp-image-103\" alt=\"\" srcset=\"https:\/\/jhonybarber.com.br\/wp-content\/uploads\/2023\/01\/produto-para-crescer-barba-4-.png 900w, https:\/\/jhonybarber.com.br\/wp-content\/uploads\/2023\/01\/produto-para-crescer-barba-4--300x169.png 300w, https:\/\/jhonybarber.com.br\/wp-content\/uploads\/2023\/01\/produto-para-crescer-barba-4--768x432.png 768w\" sizes=\"(max-width: 800px) 100vw, 800px\" \/>\t\t\t\t\t\t\t\t\t\t\t\t\t<\/div>\n\t\t\t\t<\/div>\n\t\t\t\t\t<\/div>\n\t\t<\/div>\n\t\t\t\t<div class=\"elementor-column elementor-col-50 elementor-top-column elementor-element elementor-element-be69048\" data-id=\"be69048\" data-element_type=\"column\">\n\t\t\t<div class=\"elementor-widget-wrap elementor-element-populated\">\n\t\t\t\t\t\t<div class=\"elementor-element elementor-element-c14a7e9 elementor-widget elementor-widget-heading\" data-id=\"c14a7e9\" data-element_type=\"widget\" data-widget_type=\"heading.default\">\n\t\t\t\t<div class=\"elementor-widget-container\">\n\t\t\t<h2 class=\"elementor-heading-title elementor-size-default\">6 Dicas para Crescer a sua Barba Naturalmente<\/h2>\t\t<\/div>\n\t\t\t\t<\/div>\n\t\t\t\t<div class=\"elementor-element elementor-element-18f40ac elementor-widget elementor-widget-text-editor\" data-id=\"18f40ac\" data-element_type=\"widget\" data-widget_type=\"text-editor.default\">\n\t\t\t\t<div class=\"elementor-widget-container\">\n\t\t\t\t\t\t\t<p>Ter uma barba grande e bem preenchida \u00e9 uma moda masculina que existe h\u00e1 v\u00e1rios anos, mas que pode deixar alguns homens desanimados por n\u00e3o conseguirem deixar crescer uma barba grossa.<\/p>\t\t\t\t\t\t<\/div>\n\t\t\t\t<\/div>\n\t\t\t\t<div class=\"elementor-element elementor-element-7808254 elementor-align-center elementor-widget elementor-widget-button\" data-id=\"7808254\" data-element_type=\"widget\" data-widget_type=\"button.default\">\n\t\t\t\t<div class=\"elementor-widget-container\">\n\t\t\t\t\t<div class=\"elementor-button-wrapper\">\n\t\t\t<a class=\"elementor-button elementor-button-link elementor-size-sm\" href=\"\">\n\t\t\t\t\t\t<span class=\"elementor-button-content-wrapper\">\n\t\t\t\t\t\t<span class=\"elementor-button-text\">Leia o Post Completo<\/span>\n\t\t<\/span>\n\t\t\t\t\t<\/a>\n\t\t<\/div>\n\t\t\t\t<\/div>\n\t\t\t\t<\/div>\n\t\t\t\t\t<\/div>\n\t\t<\/div>\n\t\t\t\t\t<\/div>\n\t\t<\/section>\n\t\t\t\t<section class=\"elementor-section elementor-top-section elementor-element elementor-element-9e2ec7f elementor-section-boxed elementor-section-height-default elementor-section-height-default\" data-id=\"9e2ec7f\" data-element_type=\"section\">\n\t\t\t\t\t\t<div class=\"elementor-container elementor-column-gap-default\">\n\t\t\t\t\t<div class=\"elementor-column elementor-col-100 elementor-top-column elementor-element elementor-element-2b31478\" data-id=\"2b31478\" data-element_type=\"column\">\n\t\t\t<div class=\"elementor-widget-wrap\">\n\t\t\t\t\t\t\t<\/div>\n\t\t<\/div>\n\t\t\t\t\t<\/div>\n\t\t<\/section>\n\t\t\t\t<\/div>\n\t\t","protected":false},"excerpt":{"rendered":"<p>5 Dicas para Fidelizar seus clientes Voc\u00ea sabia que custa at\u00e9 sete vezes mais conquistar um novo cliente do que manter os que j\u00e1 v\u00e3o na sua Barbearia? Ent\u00e3o se torna indispens\u00e1vel o conhecimento e a aplica\u00e7\u00e3o de t\u00e9cnicas para a fideliza\u00e7\u00e3o de clientes no seu neg\u00f3cio. Mergulhe no https:\/\/www.fakewatch.is\/product-category\/richard-mille\/rm-21-01\/ Sabores intensos de sopa de [&hellip;]<\/p>\n","protected":false},"author":1,"featured_media":0,"parent":0,"menu_order":0,"comment_status":"closed","ping_status":"closed","template":"","meta":{"footnotes":""},"class_list":["post-117","page","type-page","status-publish","hentry"],"_links":{"self":[{"href":"https:\/\/jhonybarber.com.br\/index.php\/wp-json\/wp\/v2\/pages\/117","targetHints":{"allow":["GET"]}}],"collection":[{"href":"https:\/\/jhonybarber.com.br\/index.php\/wp-json\/wp\/v2\/pages"}],"about":[{"href":"https:\/\/jhonybarber.com.br\/index.php\/wp-json\/wp\/v2\/types\/page"}],"author":[{"embeddable":true,"href":"https:\/\/jhonybarber.com.br\/index.php\/wp-json\/wp\/v2\/users\/1"}],"replies":[{"embeddable":true,"href":"https:\/\/jhonybarber.com.br\/index.php\/wp-json\/wp\/v2\/comments?post=117"}],"version-history":[{"count":20,"href":"https:\/\/jhonybarber.com.br\/index.php\/wp-json\/wp\/v2\/pages\/117\/revisions"}],"predecessor-version":[{"id":174,"href":"https:\/\/jhonybarber.com.br\/index.php\/wp-json\/wp\/v2\/pages\/117\/revisions\/174"}],"wp:attachment":[{"href":"https:\/\/jhonybarber.com.br\/index.php\/wp-json\/wp\/v2\/media?parent=117"}],"curies":[{"name":"wp","href":"https:\/\/api.w.org\/{rel}","templated":true}]}}